{"id":219,"date":"2023-12-07T13:14:58","date_gmt":"2023-12-07T13:14:58","guid":{"rendered":"https:\/\/solvensgroup.com\/?page_id=219"},"modified":"2024-08-30T14:19:48","modified_gmt":"2024-08-30T14:19:48","slug":"nosotros","status":"publish","type":"page","link":"https:\/\/solvensgroup.com\/index.php\/nosotros\/","title":{"rendered":"Nosotros"},"content":{"rendered":"\t\t<div data-elementor-type=\"wp-page\" data-elementor-id=\"219\" class=\"elementor elementor-219\" data-elementor-post-type=\"page\">\n\t\t\t\t\t\t\t<div class=\"elementor-element elementor-element-b1810cc e-con-full ops-section e-flex e-con e-parent\" data-id=\"b1810cc\" data-element_type=\"container\" data-settings=\"{&quot;background_background&quot;:&quot;classic&quot;,&quot;content_width&quot;:&quot;full&quot;,&quot;background_motion_fx_motion_fx_scrolling&quot;:&quot;yes&quot;,&quot;ekit_has_onepagescroll&quot;:&quot;section&quot;,&quot;motion_fx_motion_fx_scrolling&quot;:&quot;yes&quot;,&quot;background_motion_fx_devices&quot;:[&quot;desktop&quot;,&quot;tablet&quot;,&quot;mobile&quot;],&quot;motion_fx_devices&quot;:[&quot;desktop&quot;,&quot;tablet&quot;,&quot;mobile&quot;]}\" data-core-v316-plus=\"true\">\n\t\t\t\t<div class=\"elementor-element elementor-element-1a4e032 elementor-widget__width-initial elementor-widget elementor-widget-heading\" data-id=\"1a4e032\" data-element_type=\"widget\" data-widget_type=\"heading.default\">\n\t\t\t\t<div class=\"elementor-widget-container\">\n\t\t\t<style>\/*! elementor - v3.17.0 - 08-11-2023 *\/\n.elementor-heading-title{padding:0;margin:0;line-height:1}.elementor-widget-heading .elementor-heading-title[class*=elementor-size-]>a{color:inherit;font-size:inherit;line-height:inherit}.elementor-widget-heading .elementor-heading-title.elementor-size-small{font-size:15px}.elementor-widget-heading .elementor-heading-title.elementor-size-medium{font-size:19px}.elementor-widget-heading .elementor-heading-title.elementor-size-large{font-size:29px}.elementor-widget-heading .elementor-heading-title.elementor-size-xl{font-size:39px}.elementor-widget-heading .elementor-heading-title.elementor-size-xxl{font-size:59px}<\/style><h2 class=\"elementor-heading-title elementor-size-default\">nosotros<\/h2>\t\t<\/div>\n\t\t\t\t<\/div>\n\t\t\t\t<\/div>\n\t\t<div class=\"elementor-element elementor-element-3e51b28 e-con-full e-flex e-con e-parent\" data-id=\"3e51b28\" data-element_type=\"container\" data-settings=\"{&quot;content_width&quot;:&quot;full&quot;,&quot;background_background&quot;:&quot;classic&quot;}\" data-core-v316-plus=\"true\">\n\t\t<div class=\"elementor-element elementor-element-dcfe07b e-con-full e-flex e-con e-child\" data-id=\"dcfe07b\" data-element_type=\"container\" data-settings=\"{&quot;content_width&quot;:&quot;full&quot;}\">\n\t\t\t\t<div class=\"elementor-element elementor-element-5f2baee elementor-widget__width-initial elementor-widget elementor-widget-heading\" data-id=\"5f2baee\" data-element_type=\"widget\" data-widget_type=\"heading.default\">\n\t\t\t\t<div class=\"elementor-widget-container\">\n\t\t\t<h1 class=\"elementor-heading-title elementor-size-default\">Con m\u00e1s de 30 a\u00f1os en el sector de imagen empresarial<\/h1>\t\t<\/div>\n\t\t\t\t<\/div>\n\t\t\t\t<div class=\"elementor-element elementor-element-9f4c0f4 elementor-widget__width-initial elementor-widget elementor-widget-text-editor\" data-id=\"9f4c0f4\" data-element_type=\"widget\" data-widget_type=\"text-editor.default\">\n\t\t\t\t<div class=\"elementor-widget-container\">\n\t\t\t<style>\/*! elementor - v3.17.0 - 08-11-2023 *\/\n.elementor-widget-text-editor.elementor-drop-cap-view-stacked .elementor-drop-cap{background-color:#69727d;color:#fff}.elementor-widget-text-editor.elementor-drop-cap-view-framed .elementor-drop-cap{color:#69727d;border:3px solid;background-color:transparent}.elementor-widget-text-editor:not(.elementor-drop-cap-view-default) .elementor-drop-cap{margin-top:8px}.elementor-widget-text-editor:not(.elementor-drop-cap-view-default) .elementor-drop-cap-letter{width:1em;height:1em}.elementor-widget-text-editor .elementor-drop-cap{float:left;text-align:center;line-height:1;font-size:50px}.elementor-widget-text-editor .elementor-drop-cap-letter{display:inline-block}<\/style>\t\t\t\t<div class=\"\" data-block=\"true\" data-editor=\"erlrm\" data-offset-key=\"4dho2-0-0\">\n<p class=\"public-DraftStyleDefault-block public-DraftStyleDefault-ltr\" data-offset-key=\"4dho2-0-0\"><span data-offset-key=\"4dho2-0-0\">Nuestra empresa es una destacada compa\u00f1\u00eda con m\u00e1s de 15 a\u00f1os de experiencia en el desarrollo de expositores y producci\u00f3n de merchandising.<\/span><\/p>\n<\/div>\n<div class=\"\" data-block=\"true\" data-editor=\"erlrm\" data-offset-key=\"4v6uq-0-0\">\n<div class=\"public-DraftStyleDefault-block public-DraftStyleDefault-ltr\" data-offset-key=\"4v6uq-0-0\"><span data-offset-key=\"4v6uq-0-0\">Trabajamos con marcas reconocidas a nivel nacional e internacional, ayud\u00e1ndoles a tener una buena imagen frente a nuevos clientes.<\/span><\/div>\n<\/div>\t\t\t\t\t\t<\/div>\n\t\t\t\t<\/div>\n\t\t\t\t<\/div>\n\t\t<div class=\"elementor-element elementor-element-2c4c71a e-con-full e-flex e-con e-child\" data-id=\"2c4c71a\" data-element_type=\"container\" data-settings=\"{&quot;content_width&quot;:&quot;full&quot;,&quot;background_background&quot;:&quot;classic&quot;}\">\n\t\t\t\t<\/div>\n\t\t\t\t<\/div>\n\t\t\t\t<section class=\"elementor-section elementor-top-section elementor-element elementor-element-7194ab51 elementor-section-boxed elementor-section-height-default elementor-section-height-default\" data-id=\"7194ab51\" data-element_type=\"section\" data-settings=\"{&quot;_ha_eqh_enable&quot;:false}\">\n\t\t\t\t\t\t<div class=\"elementor-container elementor-column-gap-no\">\n\t\t\t\t\t<div class=\"elementor-column elementor-col-100 elementor-top-column elementor-element elementor-element-fb0256f elementor-invisible\" data-id=\"fb0256f\" data-element_type=\"column\" data-settings=\"{&quot;animation&quot;:&quot;fadeIn&quot;}\">\n\t\t\t<div class=\"elementor-widget-wrap elementor-element-populated\">\n\t\t\t\t\t\t\t\t<section class=\"elementor-section elementor-inner-section elementor-element elementor-element-3a53d5a1 elementor-section-boxed elementor-section-height-default elementor-section-height-default\" data-id=\"3a53d5a1\" data-element_type=\"section\" data-settings=\"{&quot;_ha_eqh_enable&quot;:false}\">\n\t\t\t\t\t\t<div class=\"elementor-container elementor-column-gap-default\">\n\t\t\t\t\t<div class=\"elementor-column elementor-col-33 elementor-inner-column elementor-element elementor-element-4c2b4b1c elementor-invisible\" data-id=\"4c2b4b1c\" data-element_type=\"column\" data-settings=\"{&quot;animation&quot;:&quot;fadeIn&quot;}\">\n\t\t\t<div class=\"elementor-widget-wrap elementor-element-populated\">\n\t\t\t\t\t\t\t\t<div class=\"elementor-element elementor-element-46d18b95 elementor-widget elementor-widget-heading\" data-id=\"46d18b95\" data-element_type=\"widget\" data-widget_type=\"heading.default\">\n\t\t\t\t<div class=\"elementor-widget-container\">\n\t\t\t<h1 class=\"elementor-heading-title elementor-size-default\">01<\/h1>\t\t<\/div>\n\t\t\t\t<\/div>\n\t\t\t\t<div class=\"elementor-element elementor-element-2e42fc61 elementor-widget elementor-widget-icon-box\" data-id=\"2e42fc61\" data-element_type=\"widget\" data-widget_type=\"icon-box.default\">\n\t\t\t\t<div class=\"elementor-widget-container\">\n\t\t\t<link rel=\"stylesheet\" href=\"https:\/\/solvensgroup.com\/wp-content\/plugins\/elementor\/assets\/css\/widget-icon-box.min.css\">\t\t<div class=\"elementor-icon-box-wrapper\">\n\t\t\t\t\t\t<div class=\"elementor-icon-box-content\">\n\t\t\t\t<h3 class=\"elementor-icon-box-title\">\n\t\t\t\t\t<span  >\n\t\t\t\t\t\tProductos de calidad\t\t\t\t\t<\/span>\n\t\t\t\t<\/h3>\n\t\t\t\t\t\t\t\t\t<p class=\"elementor-icon-box-description\">\n\t\t\t\t\t\tLos productos de calidad cumplen expectativas, son duraderos, funcionales, eco-friendly y una inversi\u00f3n valiosa.\t\t\t\t\t<\/p>\n\t\t\t\t\t\t\t<\/div>\n\t\t<\/div>\n\t\t\t\t<\/div>\n\t\t\t\t<\/div>\n\t\t\t\t\t<\/div>\n\t\t<\/div>\n\t\t\t\t<div class=\"elementor-column elementor-col-33 elementor-inner-column elementor-element elementor-element-350d6828 elementor-invisible\" data-id=\"350d6828\" data-element_type=\"column\" data-settings=\"{&quot;animation&quot;:&quot;fadeIn&quot;,&quot;animation_delay&quot;:200}\">\n\t\t\t<div class=\"elementor-widget-wrap elementor-element-populated\">\n\t\t\t\t\t\t\t\t<div class=\"elementor-element elementor-element-1d7bb6cc elementor-widget elementor-widget-heading\" data-id=\"1d7bb6cc\" data-element_type=\"widget\" data-widget_type=\"heading.default\">\n\t\t\t\t<div class=\"elementor-widget-container\">\n\t\t\t<h1 class=\"elementor-heading-title elementor-size-default\">02<\/h1>\t\t<\/div>\n\t\t\t\t<\/div>\n\t\t\t\t<div class=\"elementor-element elementor-element-167c6dde elementor-widget elementor-widget-icon-box\" data-id=\"167c6dde\" data-element_type=\"widget\" data-widget_type=\"icon-box.default\">\n\t\t\t\t<div class=\"elementor-widget-container\">\n\t\t\t\t\t<div class=\"elementor-icon-box-wrapper\">\n\t\t\t\t\t\t<div class=\"elementor-icon-box-content\">\n\t\t\t\t<h3 class=\"elementor-icon-box-title\">\n\t\t\t\t\t<span  >\n\t\t\t\t\t\tDise\u00f1os variados\t\t\t\t\t<\/span>\n\t\t\t\t<\/h3>\n\t\t\t\t\t\t\t\t\t<p class=\"elementor-icon-box-description\">\n\t\t\t\t\t\tOfrecemos de todo, desde merchandising hasta dise\u00f1os textiles, incluyendo deportes y art\u00edculos de oficina. \t\t\t\t\t<\/p>\n\t\t\t\t\t\t\t<\/div>\n\t\t<\/div>\n\t\t\t\t<\/div>\n\t\t\t\t<\/div>\n\t\t\t\t\t<\/div>\n\t\t<\/div>\n\t\t\t\t<div class=\"elementor-column elementor-col-33 elementor-inner-column elementor-element elementor-element-42f317d elementor-invisible\" data-id=\"42f317d\" data-element_type=\"column\" data-settings=\"{&quot;animation&quot;:&quot;fadeIn&quot;,&quot;animation_delay&quot;:400}\">\n\t\t\t<div class=\"elementor-widget-wrap elementor-element-populated\">\n\t\t\t\t\t\t\t\t<div class=\"elementor-element elementor-element-1a3147e4 elementor-widget elementor-widget-heading\" data-id=\"1a3147e4\" data-element_type=\"widget\" data-widget_type=\"heading.default\">\n\t\t\t\t<div class=\"elementor-widget-container\">\n\t\t\t<h1 class=\"elementor-heading-title elementor-size-default\">03<\/h1>\t\t<\/div>\n\t\t\t\t<\/div>\n\t\t\t\t<div class=\"elementor-element elementor-element-40625032 elementor-widget elementor-widget-icon-box\" data-id=\"40625032\" data-element_type=\"widget\" data-widget_type=\"icon-box.default\">\n\t\t\t\t<div class=\"elementor-widget-container\">\n\t\t\t\t\t<div class=\"elementor-icon-box-wrapper\">\n\t\t\t\t\t\t<div class=\"elementor-icon-box-content\">\n\t\t\t\t<h3 class=\"elementor-icon-box-title\">\n\t\t\t\t\t<span  >\n\t\t\t\t\t\tAtenci\u00f3n personalizada\t\t\t\t\t<\/span>\n\t\t\t\t<\/h3>\n\t\t\t\t\t\t\t\t\t<p class=\"elementor-icon-box-description\">\n\t\t\t\t\t\tPersonaliza tus regalos o art\u00edculos con nombres, logos, fechas, mensajes y dise\u00f1os \u00fanicos. \t\t\t\t\t<\/p>\n\t\t\t\t\t\t\t<\/div>\n\t\t<\/div>\n\t\t\t\t<\/div>\n\t\t\t\t<\/div>\n\t\t\t\t\t<\/div>\n\t\t<\/div>\n\t\t\t\t\t\t\t<\/div>\n\t\t<\/section>\n\t\t\t\t\t<\/div>\n\t\t<\/div>\n\t\t\t\t\t\t\t<\/div>\n\t\t<\/section>\n\t\t<div class=\"elementor-element elementor-element-9825be8 e-flex e-con-boxed e-con e-parent\" data-id=\"9825be8\" data-element_type=\"container\" data-settings=\"{&quot;content_width&quot;:&quot;boxed&quot;}\" data-core-v316-plus=\"true\">\n\t\t\t\t\t<div class=\"e-con-inner\">\n\t\t\t\t<div class=\"elementor-element elementor-element-1a3860b elementor-widget elementor-widget-heading\" data-id=\"1a3860b\" data-element_type=\"widget\" data-widget_type=\"heading.default\">\n\t\t\t\t<div class=\"elementor-widget-container\">\n\t\t\t<h1 class=\"elementor-heading-title elementor-size-default\">Nuestro equipo<\/h1>\t\t<\/div>\n\t\t\t\t<\/div>\n\t\t<div class=\"elementor-element elementor-element-9cab17e e-flex e-con-boxed e-con e-child\" data-id=\"9cab17e\" data-element_type=\"container\" data-settings=\"{&quot;content_width&quot;:&quot;boxed&quot;}\">\n\t\t\t\t\t<div class=\"e-con-inner\">\n\t\t\t\t<div class=\"elementor-element elementor-element-4777815 elementor-widget__width-initial elementor-widget elementor-widget-ha-member happy-addon ha-member\" data-id=\"4777815\" data-element_type=\"widget\" data-widget_type=\"ha-member.default\">\n\t\t\t\t<div class=\"elementor-widget-container\">\n\t\t\t\n\t\t\t\t\t<figure class=\"ha-member-figure\">\n\t\t\t\t<img decoding=\"async\" src=\"https:\/\/solvensgroup.com\/wp-content\/uploads\/elementor\/thumbs\/Monica-Cacerta-qrxg311ov9m1xx2zqzis97dgan1brxi8cl993x6jwg.jpeg\" title=\"M\u00f3nica Cacerta\" alt=\"M\u00f3nica Cacerta\" class=\"elementor-animation-disable-animation\" loading=\"lazy\" \/>\t\t\t<\/figure>\n\t\t\n\t\t<div class=\"ha-member-body\">\n\t\t\t<h4 class=\"ha-member-name\">M\u00f3nica Cacerta Rodriguez<\/h4>\n\t\t\t\t\t\t\t<div class=\"ha-member-position\">CEO<\/div>\n\t\t\t\n\t\t\t\n\t\t\t\n\t\t\t\n\t\t\t\t\t<\/div>\n\t\t\t\t<\/div>\n\t\t\t\t<\/div>\n\t\t\t\t<div class=\"elementor-element elementor-element-b0e8612 elementor-widget__width-initial elementor-widget elementor-widget-ha-member happy-addon ha-member\" data-id=\"b0e8612\" data-element_type=\"widget\" data-widget_type=\"ha-member.default\">\n\t\t\t\t<div class=\"elementor-widget-container\">\n\t\t\t\n\t\t\t\t\t<figure class=\"ha-member-figure\">\n\t\t\t\t<img decoding=\"async\" src=\"https:\/\/solvensgroup.com\/wp-content\/uploads\/elementor\/thumbs\/Imagen-de-WhatsApp-2023-12-22-a-las-15.33.55_e85a9063-qh6v6s2kgr37l7io1exaiw39x0xdiphgrzozk73v40.jpg\" title=\"Imagen de WhatsApp 2023-12-22 a las 15.33.55_e85a9063\" alt=\"Imagen de WhatsApp 2023-12-22 a las 15.33.55_e85a9063\" class=\"elementor-animation-disable-animation\" loading=\"lazy\" \/>\t\t\t<\/figure>\n\t\t\n\t\t<div class=\"ha-member-body\">\n\t\t\t<h4 class=\"ha-member-name\">Valentin Isler<\/h4>\n\t\t\t\t\t\t\t<div class=\"ha-member-position\">CEO<\/div>\n\t\t\t\n\t\t\t\n\t\t\t\n\t\t\t\n\t\t\t\t\t<\/div>\n\t\t\t\t<\/div>\n\t\t\t\t<\/div>\n\t\t\t\t\t<\/div>\n\t\t\t\t<\/div>\n\t\t\t\t\t<\/div>\n\t\t\t\t<\/div>\n\t\t\t\t\t\t\t<\/div>\n\t\t","protected":false},"excerpt":{"rendered":"<p>nosotros Con m\u00e1s de 30 a\u00f1os en el sector de imagen empresarial Nuestra empresa es una destacada compa\u00f1\u00eda con m\u00e1s de 15 a\u00f1os de experiencia en el desarrollo de expositores y producci\u00f3n de merchandising. Trabajamos con marcas reconocidas a nivel nacional e internacional, ayud\u00e1ndoles a tener una buena imagen frente a nuevos clientes. 01 Productos&hellip; <a class=\"more-link\" href=\"https:\/\/solvensgroup.com\/index.php\/nosotros\/\">Seguir leyendo <span class=\"screen-reader-text\">Nosotros<\/span><\/a><\/p>\n","protected":false},"author":1,"featured_media":0,"parent":0,"menu_order":0,"comment_status":"closed","ping_status":"closed","template":"elementor_header_footer","meta":{"footnotes":""},"class_list":["post-219","page","type-page","status-publish","hentry","entry"],"_links":{"self":[{"href":"https:\/\/solvensgroup.com\/index.php\/wp-json\/wp\/v2\/pages\/219","targetHints":{"allow":["GET"]}}],"collection":[{"href":"https:\/\/solvensgroup.com\/index.php\/wp-json\/wp\/v2\/pages"}],"about":[{"href":"https:\/\/solvensgroup.com\/index.php\/wp-json\/wp\/v2\/types\/page"}],"author":[{"embeddable":true,"href":"https:\/\/solvensgroup.com\/index.php\/wp-json\/wp\/v2\/users\/1"}],"replies":[{"embeddable":true,"href":"https:\/\/solvensgroup.com\/index.php\/wp-json\/wp\/v2\/comments?post=219"}],"version-history":[{"count":90,"href":"https:\/\/solvensgroup.com\/index.php\/wp-json\/wp\/v2\/pages\/219\/revisions"}],"predecessor-version":[{"id":969,"href":"https:\/\/solvensgroup.com\/index.php\/wp-json\/wp\/v2\/pages\/219\/revisions\/969"}],"wp:attachment":[{"href":"https:\/\/solvensgroup.com\/index.php\/wp-json\/wp\/v2\/media?parent=219"}],"curies":[{"name":"wp","href":"https:\/\/api.w.org\/{rel}","templated":true}]}}