{"id":822,"date":"2024-06-06T16:54:18","date_gmt":"2024-06-06T16:54:18","guid":{"rendered":"https:\/\/solvensgroup.com\/?page_id=822"},"modified":"2024-06-06T18:13:43","modified_gmt":"2024-06-06T18:13:43","slug":"eventos","status":"publish","type":"page","link":"https:\/\/solvensgroup.com\/index.php\/eventos\/","title":{"rendered":"Eventos"},"content":{"rendered":"\t\t<div data-elementor-type=\"wp-page\" data-elementor-id=\"822\" class=\"elementor elementor-822\" data-elementor-post-type=\"page\">\n\t\t\t\t\t\t\t<div class=\"elementor-element elementor-element-c0d8c88 e-con-full ops-section e-flex e-con e-parent\" data-id=\"c0d8c88\" data-element_type=\"container\" data-settings=\"{&quot;background_background&quot;:&quot;classic&quot;,&quot;content_width&quot;:&quot;full&quot;,&quot;ekit_has_onepagescroll&quot;:&quot;section&quot;,&quot;motion_fx_motion_fx_scrolling&quot;:&quot;yes&quot;,&quot;motion_fx_devices&quot;:[&quot;desktop&quot;,&quot;tablet&quot;,&quot;mobile&quot;]}\" data-core-v316-plus=\"true\">\n\t\t\t\t<div class=\"elementor-element elementor-element-7c21884 elementor-widget__width-initial elementor-widget elementor-widget-heading\" data-id=\"7c21884\" data-element_type=\"widget\" data-widget_type=\"heading.default\">\n\t\t\t\t<div class=\"elementor-widget-container\">\n\t\t\t<style>\/*! elementor - v3.17.0 - 08-11-2023 *\/\n.elementor-heading-title{padding:0;margin:0;line-height:1}.elementor-widget-heading .elementor-heading-title[class*=elementor-size-]>a{color:inherit;font-size:inherit;line-height:inherit}.elementor-widget-heading .elementor-heading-title.elementor-size-small{font-size:15px}.elementor-widget-heading .elementor-heading-title.elementor-size-medium{font-size:19px}.elementor-widget-heading .elementor-heading-title.elementor-size-large{font-size:29px}.elementor-widget-heading .elementor-heading-title.elementor-size-xl{font-size:39px}.elementor-widget-heading .elementor-heading-title.elementor-size-xxl{font-size:59px}<\/style><h2 class=\"elementor-heading-title elementor-size-default\">EVENTOS<\/h2>\t\t<\/div>\n\t\t\t\t<\/div>\n\t\t\t\t<\/div>\n\t\t<div class=\"elementor-element elementor-element-ead5731 e-con-full e-flex e-con e-parent\" data-id=\"ead5731\" data-element_type=\"container\" data-settings=\"{&quot;content_width&quot;:&quot;full&quot;,&quot;background_background&quot;:&quot;classic&quot;}\" data-core-v316-plus=\"true\">\n\t\t<div class=\"elementor-element elementor-element-347963e e-con-full e-flex e-con e-child\" data-id=\"347963e\" data-element_type=\"container\" data-settings=\"{&quot;content_width&quot;:&quot;full&quot;}\">\n\t\t\t\t<div class=\"elementor-element elementor-element-5cb4ed0 elementor-widget__width-initial elementor-widget elementor-widget-heading\" data-id=\"5cb4ed0\" data-element_type=\"widget\" data-widget_type=\"heading.default\">\n\t\t\t\t<div class=\"elementor-widget-container\">\n\t\t\t<h1 class=\"elementor-heading-title elementor-size-default\">Organizamos y gestionamos sus eventos m\u00e1s especiales<\/h1>\t\t<\/div>\n\t\t\t\t<\/div>\n\t\t\t\t<div class=\"elementor-element elementor-element-4d04fa4 elementor-widget__width-initial elementor-widget elementor-widget-text-editor\" data-id=\"4d04fa4\" data-element_type=\"widget\" data-widget_type=\"text-editor.default\">\n\t\t\t\t<div class=\"elementor-widget-container\">\n\t\t\t<style>\/*! elementor - v3.17.0 - 08-11-2023 *\/\n.elementor-widget-text-editor.elementor-drop-cap-view-stacked .elementor-drop-cap{background-color:#69727d;color:#fff}.elementor-widget-text-editor.elementor-drop-cap-view-framed .elementor-drop-cap{color:#69727d;border:3px solid;background-color:transparent}.elementor-widget-text-editor:not(.elementor-drop-cap-view-default) .elementor-drop-cap{margin-top:8px}.elementor-widget-text-editor:not(.elementor-drop-cap-view-default) .elementor-drop-cap-letter{width:1em;height:1em}.elementor-widget-text-editor .elementor-drop-cap{float:left;text-align:center;line-height:1;font-size:50px}.elementor-widget-text-editor .elementor-drop-cap-letter{display:inline-block}<\/style>\t\t\t\t<div class=\"\" data-block=\"true\" data-editor=\"erlrm\" data-offset-key=\"4dho2-0-0\"><p class=\"public-DraftStyleDefault-block public-DraftStyleDefault-ltr\" data-offset-key=\"4dho2-0-0\">En Solvens Group, nos especializamos en la creaci\u00f3n de eventos exclusivos y de alto nivel para empresas que buscan destacar y dejar una impresi\u00f3n duradera. Con una vasta experiencia en la organizaci\u00f3n de cenas de gala, celebraciones corporativas, almuerzos ejecutivos, fiestas tem\u00e1ticas, entregas de premios y todo tipo de eventos de prestigio, nos hemos convertido en un referente para aquellos que valoran la calidad, el detalle y la perfecci\u00f3n.<\/p><\/div>\t\t\t\t\t\t<\/div>\n\t\t\t\t<\/div>\n\t\t\t\t<div class=\"elementor-element elementor-element-e64e623 elementor-widget elementor-widget-button\" data-id=\"e64e623\" data-element_type=\"widget\" data-widget_type=\"button.default\">\n\t\t\t\t<div class=\"elementor-widget-container\">\n\t\t\t\t\t<div class=\"elementor-button-wrapper\">\n\t\t\t<a class=\"elementor-button elementor-button-link elementor-size-sm\" href=\"https:\/\/solvensgroup.com\/index.php\/contacto\/\">\n\t\t\t\t\t\t<span class=\"elementor-button-content-wrapper\">\n\t\t\t\t\t\t<span class=\"elementor-button-text\">PEDIR INFORMACI\u00d3N<\/span>\n\t\t<\/span>\n\t\t\t\t\t<\/a>\n\t\t<\/div>\n\t\t\t\t<\/div>\n\t\t\t\t<\/div>\n\t\t\t\t<\/div>\n\t\t<div class=\"elementor-element elementor-element-d652338 e-con-full e-flex e-con e-child\" data-id=\"d652338\" data-element_type=\"container\" data-settings=\"{&quot;content_width&quot;:&quot;full&quot;,&quot;background_background&quot;:&quot;classic&quot;}\">\n\t\t\t\t<\/div>\n\t\t\t\t<\/div>\n\t\t<div class=\"elementor-element elementor-element-5963278 e-flex e-con-boxed e-con e-parent\" data-id=\"5963278\" data-element_type=\"container\" data-settings=\"{&quot;content_width&quot;:&quot;boxed&quot;}\" data-core-v316-plus=\"true\">\n\t\t\t\t\t<div class=\"e-con-inner\">\n\t\t<div class=\"elementor-element elementor-element-f89d0db e-flex e-con-boxed e-con e-child\" data-id=\"f89d0db\" data-element_type=\"container\" data-settings=\"{&quot;content_width&quot;:&quot;boxed&quot;}\">\n\t\t\t\t\t<div class=\"e-con-inner\">\n\t\t<div class=\"elementor-element elementor-element-e73f95a e-flex e-con-boxed e-con e-child\" data-id=\"e73f95a\" data-element_type=\"container\" data-settings=\"{&quot;content_width&quot;:&quot;boxed&quot;}\">\n\t\t\t\t\t<div class=\"e-con-inner\">\n\t\t\t\t<div class=\"elementor-element elementor-element-82f9573 elementor-widget__width-initial elementor-widget elementor-widget-heading\" data-id=\"82f9573\" data-element_type=\"widget\" data-widget_type=\"heading.default\">\n\t\t\t\t<div class=\"elementor-widget-container\">\n\t\t\t<span class=\"elementor-heading-title elementor-size-default\">SERVICIO INTEGRAL<\/span>\t\t<\/div>\n\t\t\t\t<\/div>\n\t\t\t\t<div class=\"elementor-element elementor-element-718d4c2 elementor-widget__width-initial elementor-widget elementor-widget-heading\" data-id=\"718d4c2\" data-element_type=\"widget\" data-widget_type=\"heading.default\">\n\t\t\t\t<div class=\"elementor-widget-container\">\n\t\t\t<h2 class=\"elementor-heading-title elementor-size-default\">Una Soluci\u00f3n Completa<\/h2>\t\t<\/div>\n\t\t\t\t<\/div>\n\t\t\t\t\t<\/div>\n\t\t\t\t<\/div>\n\t\t\t\t<div class=\"elementor-element elementor-element-bfa6da9 elementor-widget__width-initial elementor-widget elementor-widget-text-editor\" data-id=\"bfa6da9\" data-element_type=\"widget\" data-widget_type=\"text-editor.default\">\n\t\t\t\t<div class=\"elementor-widget-container\">\n\t\t\t\t\t\t\t<div class=\"\" data-block=\"true\" data-editor=\"erlrm\" data-offset-key=\"4dho2-0-0\"><p class=\"public-DraftStyleDefault-block public-DraftStyleDefault-ltr\" data-offset-key=\"4dho2-0-0\">Entendemos que la organizaci\u00f3n de un evento de alto standing requiere atenci\u00f3n meticulosa y un enfoque integral. Por ello, en Solvens Group nos ocupamos de cada aspecto del proceso, asegurando que cada detalle est\u00e9 perfectamente alineado con sus expectativas y necesidades. Nuestro servicio incluye:<\/p><\/div>\t\t\t\t\t\t<\/div>\n\t\t\t\t<\/div>\n\t\t\t\t\t<\/div>\n\t\t\t\t<\/div>\n\t\t<div class=\"elementor-element elementor-element-7d03e8b e-flex e-con-boxed e-con e-child\" data-id=\"7d03e8b\" data-element_type=\"container\" data-settings=\"{&quot;content_width&quot;:&quot;boxed&quot;}\">\n\t\t\t\t\t<div class=\"e-con-inner\">\n\t\t<div class=\"elementor-element elementor-element-303f0aa servicio e-flex e-con-boxed e-con e-child\" data-id=\"303f0aa\" data-element_type=\"container\" data-settings=\"{&quot;content_width&quot;:&quot;boxed&quot;}\">\n\t\t\t\t\t<div class=\"e-con-inner\">\n\t\t\t\t<div class=\"elementor-element elementor-element-e69c521 elementor-widget elementor-widget-heading\" data-id=\"e69c521\" data-element_type=\"widget\" data-widget_type=\"heading.default\">\n\t\t\t\t<div class=\"elementor-widget-container\">\n\t\t\t<h3 class=\"elementor-heading-title elementor-size-default\">B\u00fasqueda y Alquiler de Espacios<\/h3>\t\t<\/div>\n\t\t\t\t<\/div>\n\t\t\t\t<div class=\"elementor-element elementor-element-f673126 elementor-widget__width-initial elementor-widget elementor-widget-text-editor\" data-id=\"f673126\" data-element_type=\"widget\" data-widget_type=\"text-editor.default\">\n\t\t\t\t<div class=\"elementor-widget-container\">\n\t\t\t\t\t\t\t<div class=\"\" data-block=\"true\" data-editor=\"erlrm\" data-offset-key=\"4dho2-0-0\"><p class=\"public-DraftStyleDefault-block public-DraftStyleDefault-ltr\" data-offset-key=\"4dho2-0-0\">Nos encargamos de encontrar el lugar perfecto para su evento, ya sea un sal\u00f3n de gala, una finca exclusiva o un espacio \u00fanico que refleje la imagen de su empresa.<\/p><\/div>\t\t\t\t\t\t<\/div>\n\t\t\t\t<\/div>\n\t\t\t\t\t<\/div>\n\t\t\t\t<\/div>\n\t\t<div class=\"elementor-element elementor-element-c261ff8 servicio e-flex e-con-boxed e-con e-child\" data-id=\"c261ff8\" data-element_type=\"container\" data-settings=\"{&quot;content_width&quot;:&quot;boxed&quot;}\">\n\t\t\t\t\t<div class=\"e-con-inner\">\n\t\t\t\t<div class=\"elementor-element elementor-element-c298b2a elementor-widget elementor-widget-heading\" data-id=\"c298b2a\" data-element_type=\"widget\" data-widget_type=\"heading.default\">\n\t\t\t\t<div class=\"elementor-widget-container\">\n\t\t\t<h3 class=\"elementor-heading-title elementor-size-default\">Contrataci\u00f3n de Personal<\/h3>\t\t<\/div>\n\t\t\t\t<\/div>\n\t\t\t\t<div class=\"elementor-element elementor-element-8bccd71 elementor-widget__width-initial elementor-widget elementor-widget-text-editor\" data-id=\"8bccd71\" data-element_type=\"widget\" data-widget_type=\"text-editor.default\">\n\t\t\t\t<div class=\"elementor-widget-container\">\n\t\t\t\t\t\t\t<div class=\"\" data-block=\"true\" data-editor=\"erlrm\" data-offset-key=\"4dho2-0-0\"><p class=\"public-DraftStyleDefault-block public-DraftStyleDefault-ltr\" data-offset-key=\"4dho2-0-0\">Contamos con un equipo profesional y experimentado, desde anfitriones y camareros hasta coordinadores de eventos, todos dedicados a garantizar un servicio impecable.<\/p><\/div>\t\t\t\t\t\t<\/div>\n\t\t\t\t<\/div>\n\t\t\t\t\t<\/div>\n\t\t\t\t<\/div>\n\t\t<div class=\"elementor-element elementor-element-3778f33 servicio e-flex e-con-boxed e-con e-child\" data-id=\"3778f33\" data-element_type=\"container\" data-settings=\"{&quot;content_width&quot;:&quot;boxed&quot;}\">\n\t\t\t\t\t<div class=\"e-con-inner\">\n\t\t\t\t<div class=\"elementor-element elementor-element-dbbef79 elementor-widget elementor-widget-heading\" data-id=\"dbbef79\" data-element_type=\"widget\" data-widget_type=\"heading.default\">\n\t\t\t\t<div class=\"elementor-widget-container\">\n\t\t\t<h3 class=\"elementor-heading-title elementor-size-default\">Catering de Primera Clase<\/h3>\t\t<\/div>\n\t\t\t\t<\/div>\n\t\t\t\t<div class=\"elementor-element elementor-element-26dcaf9 elementor-widget__width-initial elementor-widget elementor-widget-text-editor\" data-id=\"26dcaf9\" data-element_type=\"widget\" data-widget_type=\"text-editor.default\">\n\t\t\t\t<div class=\"elementor-widget-container\">\n\t\t\t\t\t\t\t<div class=\"\" data-block=\"true\" data-editor=\"erlrm\" data-offset-key=\"4dho2-0-0\"><p class=\"public-DraftStyleDefault-block public-DraftStyleDefault-ltr\" data-offset-key=\"4dho2-0-0\">Ofrecemos una variedad de opciones gastron\u00f3micas, desde men\u00fas gourmet hasta opciones personalizadas, todo elaborado con ingredientes de la m\u00e1s alta calidad.<\/p><\/div>\t\t\t\t\t\t<\/div>\n\t\t\t\t<\/div>\n\t\t\t\t\t<\/div>\n\t\t\t\t<\/div>\n\t\t<div class=\"elementor-element elementor-element-8fea5a9 servicio e-flex e-con-boxed e-con e-child\" data-id=\"8fea5a9\" data-element_type=\"container\" data-settings=\"{&quot;content_width&quot;:&quot;boxed&quot;}\">\n\t\t\t\t\t<div class=\"e-con-inner\">\n\t\t\t\t<div class=\"elementor-element elementor-element-43fe9f5 elementor-widget elementor-widget-heading\" data-id=\"43fe9f5\" data-element_type=\"widget\" data-widget_type=\"heading.default\">\n\t\t\t\t<div class=\"elementor-widget-container\">\n\t\t\t<h3 class=\"elementor-heading-title elementor-size-default\">Animaci\u00f3n y Entretenimiento<\/h3>\t\t<\/div>\n\t\t\t\t<\/div>\n\t\t\t\t<div class=\"elementor-element elementor-element-a7adc6d elementor-widget__width-initial elementor-widget elementor-widget-text-editor\" data-id=\"a7adc6d\" data-element_type=\"widget\" data-widget_type=\"text-editor.default\">\n\t\t\t\t<div class=\"elementor-widget-container\">\n\t\t\t\t\t\t\t<div class=\"\" data-block=\"true\" data-editor=\"erlrm\" data-offset-key=\"4dho2-0-0\"><p class=\"public-DraftStyleDefault-block public-DraftStyleDefault-ltr\" data-offset-key=\"4dho2-0-0\">Desde m\u00fasica en vivo y DJs hasta espect\u00e1culos personalizados, nos aseguramos de que sus invitados disfruten de una experiencia inolvidable.<\/p><\/div>\t\t\t\t\t\t<\/div>\n\t\t\t\t<\/div>\n\t\t\t\t\t<\/div>\n\t\t\t\t<\/div>\n\t\t<div class=\"elementor-element elementor-element-edf92ff servicio e-flex e-con-boxed e-con e-child\" data-id=\"edf92ff\" data-element_type=\"container\" data-settings=\"{&quot;content_width&quot;:&quot;boxed&quot;}\">\n\t\t\t\t\t<div class=\"e-con-inner\">\n\t\t\t\t<div class=\"elementor-element elementor-element-845441b elementor-widget elementor-widget-heading\" data-id=\"845441b\" data-element_type=\"widget\" data-widget_type=\"heading.default\">\n\t\t\t\t<div class=\"elementor-widget-container\">\n\t\t\t<h3 class=\"elementor-heading-title elementor-size-default\">Elaboraci\u00f3n de Carteler\u00eda e Invitaciones<\/h3>\t\t<\/div>\n\t\t\t\t<\/div>\n\t\t\t\t<div class=\"elementor-element elementor-element-08d71cc elementor-widget__width-initial elementor-widget elementor-widget-text-editor\" data-id=\"08d71cc\" data-element_type=\"widget\" data-widget_type=\"text-editor.default\">\n\t\t\t\t<div class=\"elementor-widget-container\">\n\t\t\t\t\t\t\t<div class=\"\" data-block=\"true\" data-editor=\"erlrm\" data-offset-key=\"4dho2-0-0\"><p class=\"public-DraftStyleDefault-block public-DraftStyleDefault-ltr\" data-offset-key=\"4dho2-0-0\">Dise\u00f1amos y producimos material gr\u00e1fico que refleje el esp\u00edritu de su evento, asegurando una comunicaci\u00f3n elegante y profesional.<\/p><\/div>\t\t\t\t\t\t<\/div>\n\t\t\t\t<\/div>\n\t\t\t\t\t<\/div>\n\t\t\t\t<\/div>\n\t\t<div class=\"elementor-element elementor-element-67f0e3d servicio e-flex e-con-boxed e-con e-child\" data-id=\"67f0e3d\" data-element_type=\"container\" data-settings=\"{&quot;content_width&quot;:&quot;boxed&quot;}\">\n\t\t\t\t\t<div class=\"e-con-inner\">\n\t\t\t\t<div class=\"elementor-element elementor-element-57fe0f3 elementor-widget elementor-widget-heading\" data-id=\"57fe0f3\" data-element_type=\"widget\" data-widget_type=\"heading.default\">\n\t\t\t\t<div class=\"elementor-widget-container\">\n\t\t\t<h3 class=\"elementor-heading-title elementor-size-default\">Gesti\u00f3n Integral del Evento<\/h3>\t\t<\/div>\n\t\t\t\t<\/div>\n\t\t\t\t<div class=\"elementor-element elementor-element-a7e0492 elementor-widget__width-initial elementor-widget elementor-widget-text-editor\" data-id=\"a7e0492\" data-element_type=\"widget\" data-widget_type=\"text-editor.default\">\n\t\t\t\t<div class=\"elementor-widget-container\">\n\t\t\t\t\t\t\t<div class=\"\" data-block=\"true\" data-editor=\"erlrm\" data-offset-key=\"4dho2-0-0\"><p class=\"public-DraftStyleDefault-block public-DraftStyleDefault-ltr\" data-offset-key=\"4dho2-0-0\">Coordinamos todos los aspectos log\u00edsticos y operativos, permiti\u00e9ndole a usted centrarse en disfrutar del evento junto a sus invitados.<\/p><\/div>\t\t\t\t\t\t<\/div>\n\t\t\t\t<\/div>\n\t\t\t\t\t<\/div>\n\t\t\t\t<\/div>\n\t\t\t\t\t<\/div>\n\t\t\t\t<\/div>\n\t\t\t\t\t<\/div>\n\t\t\t\t<\/div>\n\t\t<div class=\"elementor-element elementor-element-3b7f796 e-flex e-con-boxed e-con e-parent\" data-id=\"3b7f796\" data-element_type=\"container\" data-settings=\"{&quot;background_background&quot;:&quot;classic&quot;,&quot;content_width&quot;:&quot;boxed&quot;}\" data-core-v316-plus=\"true\">\n\t\t\t\t\t<div class=\"e-con-inner\">\n\t\t<div class=\"elementor-element elementor-element-11541d7 e-flex e-con-boxed e-con e-child\" data-id=\"11541d7\" data-element_type=\"container\" data-settings=\"{&quot;sticky&quot;:&quot;top&quot;,&quot;sticky_on&quot;:[&quot;desktop&quot;],&quot;sticky_offset&quot;:160,&quot;content_width&quot;:&quot;boxed&quot;,&quot;sticky_effects_offset&quot;:0}\">\n\t\t\t\t\t<div class=\"e-con-inner\">\n\t\t<div class=\"elementor-element elementor-element-614cad3 e-flex e-con-boxed e-con e-child\" data-id=\"614cad3\" data-element_type=\"container\" data-settings=\"{&quot;content_width&quot;:&quot;boxed&quot;}\">\n\t\t\t\t\t<div class=\"e-con-inner\">\n\t\t\t\t<div class=\"elementor-element elementor-element-3e408aa elementor-widget__width-initial elementor-widget elementor-widget-heading\" data-id=\"3e408aa\" data-element_type=\"widget\" data-widget_type=\"heading.default\">\n\t\t\t\t<div class=\"elementor-widget-container\">\n\t\t\t<span class=\"elementor-heading-title elementor-size-default\">\u00bfPOR QU\u00c9 ELEGIRNOS?<\/span>\t\t<\/div>\n\t\t\t\t<\/div>\n\t\t\t\t<div class=\"elementor-element elementor-element-124b1e9 elementor-widget__width-initial elementor-widget elementor-widget-heading\" data-id=\"124b1e9\" data-element_type=\"widget\" data-widget_type=\"heading.default\">\n\t\t\t\t<div class=\"elementor-widget-container\">\n\t\t\t<h2 class=\"elementor-heading-title elementor-size-default\">Somos la Mejor Opci\u00f3n <\/br>para tu Evento<\/h2>\t\t<\/div>\n\t\t\t\t<\/div>\n\t\t\t\t\t<\/div>\n\t\t\t\t<\/div>\n\t\t\t\t<div class=\"elementor-element elementor-element-7963294 elementor-widget elementor-widget-button\" data-id=\"7963294\" data-element_type=\"widget\" data-widget_type=\"button.default\">\n\t\t\t\t<div class=\"elementor-widget-container\">\n\t\t\t\t\t<div class=\"elementor-button-wrapper\">\n\t\t\t<a class=\"elementor-button elementor-button-link elementor-size-sm\" href=\"https:\/\/solvensgroup.com\/index.php\/contacto\/\">\n\t\t\t\t\t\t<span class=\"elementor-button-content-wrapper\">\n\t\t\t\t\t\t<span class=\"elementor-button-text\">PEDIR INFORMACI\u00d3N<\/span>\n\t\t<\/span>\n\t\t\t\t\t<\/a>\n\t\t<\/div>\n\t\t\t\t<\/div>\n\t\t\t\t<\/div>\n\t\t\t\t\t<\/div>\n\t\t\t\t<\/div>\n\t\t\t\t<div class=\"elementor-element elementor-element-20cdd5a elementor-widget__width-initial elementor-widget elementor-widget-text-editor\" data-id=\"20cdd5a\" data-element_type=\"widget\" data-widget_type=\"text-editor.default\">\n\t\t\t\t<div class=\"elementor-widget-container\">\n\t\t\t\t\t\t\t<ul><li><strong>Experiencia y Profesionalismo:<\/strong> Nuestro equipo de expertos en eventos cuenta con a\u00f1os de experiencia en la organizaci\u00f3n de eventos de alto nivel, garantizando un enfoque profesional y detallado en cada proyecto.<\/li><li><strong>Atenci\u00f3n Personalizada:<\/strong> Cada cliente y cada evento es \u00fanico. Nos tomamos el tiempo para entender sus necesidades y deseos, creando experiencias personalizadas que superan sus expectativas.<\/li><li><strong>Calidad y Excelencia:<\/strong> Nos comprometemos a ofrecer el m\u00e1s alto nivel de calidad en todos los aspectos de nuestro servicio, desde la selecci\u00f3n del lugar hasta los detalles m\u00e1s peque\u00f1os.<\/li><li><strong>Confianza y Tranquilidad:<\/strong> Con Solvens Group, puede estar seguro de que su evento estar\u00e1 en manos de profesionales dedicados, permiti\u00e9ndole disfrutar del proceso sin preocupaciones.<\/li><\/ul>\t\t\t\t\t\t<\/div>\n\t\t\t\t<\/div>\n\t\t\t\t\t<\/div>\n\t\t\t\t<\/div>\n\t\t\t\t\t\t\t<\/div>\n\t\t","protected":false},"excerpt":{"rendered":"<p>EVENTOS Organizamos y gestionamos sus eventos m\u00e1s especiales En Solvens Group, nos especializamos en la creaci\u00f3n de eventos exclusivos y de alto nivel para empresas que buscan destacar y dejar una impresi\u00f3n duradera. Con una vasta experiencia en la organizaci\u00f3n de cenas de gala, celebraciones corporativas, almuerzos ejecutivos, fiestas tem\u00e1ticas, entregas de premios y todo&hellip; <a class=\"more-link\" href=\"https:\/\/solvensgroup.com\/index.php\/eventos\/\">Seguir leyendo <span class=\"screen-reader-text\">Eventos<\/span><\/a><\/p>\n","protected":false},"author":1,"featured_media":0,"parent":0,"menu_order":0,"comment_status":"closed","ping_status":"closed","template":"elementor_header_footer","meta":{"footnotes":""},"class_list":["post-822","page","type-page","status-publish","hentry","entry"],"_links":{"self":[{"href":"https:\/\/solvensgroup.com\/index.php\/wp-json\/wp\/v2\/pages\/822","targetHints":{"allow":["GET"]}}],"collection":[{"href":"https:\/\/solvensgroup.com\/index.php\/wp-json\/wp\/v2\/pages"}],"about":[{"href":"https:\/\/solvensgroup.com\/index.php\/wp-json\/wp\/v2\/types\/page"}],"author":[{"embeddable":true,"href":"https:\/\/solvensgroup.com\/index.php\/wp-json\/wp\/v2\/users\/1"}],"replies":[{"embeddable":true,"href":"https:\/\/solvensgroup.com\/index.php\/wp-json\/wp\/v2\/comments?post=822"}],"version-history":[{"count":22,"href":"https:\/\/solvensgroup.com\/index.php\/wp-json\/wp\/v2\/pages\/822\/revisions"}],"predecessor-version":[{"id":863,"href":"https:\/\/solvensgroup.com\/index.php\/wp-json\/wp\/v2\/pages\/822\/revisions\/863"}],"wp:attachment":[{"href":"https:\/\/solvensgroup.com\/index.php\/wp-json\/wp\/v2\/media?parent=822"}],"curies":[{"name":"wp","href":"https:\/\/api.w.org\/{rel}","templated":true}]}}