{"id":838,"date":"2024-06-06T18:01:02","date_gmt":"2024-06-06T18:01:02","guid":{"rendered":"https:\/\/solvensgroup.com\/?page_id=838"},"modified":"2024-06-06T18:34:59","modified_gmt":"2024-06-06T18:34:59","slug":"marketing-digital","status":"publish","type":"page","link":"https:\/\/solvensgroup.com\/index.php\/marketing-digital\/","title":{"rendered":"Marketing Digital"},"content":{"rendered":"\t\t<div data-elementor-type=\"wp-page\" data-elementor-id=\"838\" class=\"elementor elementor-838\" data-elementor-post-type=\"page\">\n\t\t\t\t\t\t\t<div class=\"elementor-element elementor-element-0e53396 e-con-full ops-section e-flex e-con e-parent\" data-id=\"0e53396\" data-element_type=\"container\" data-settings=\"{&quot;background_background&quot;:&quot;classic&quot;,&quot;content_width&quot;:&quot;full&quot;,&quot;ekit_has_onepagescroll&quot;:&quot;section&quot;,&quot;motion_fx_motion_fx_scrolling&quot;:&quot;yes&quot;,&quot;motion_fx_devices&quot;:[&quot;desktop&quot;,&quot;tablet&quot;,&quot;mobile&quot;]}\" data-core-v316-plus=\"true\">\n\t\t\t\t<div class=\"elementor-element elementor-element-a43b852 elementor-widget__width-initial elementor-widget elementor-widget-heading\" data-id=\"a43b852\" data-element_type=\"widget\" data-widget_type=\"heading.default\">\n\t\t\t\t<div class=\"elementor-widget-container\">\n\t\t\t<style>\/*! elementor - v3.17.0 - 08-11-2023 *\/\n.elementor-heading-title{padding:0;margin:0;line-height:1}.elementor-widget-heading .elementor-heading-title[class*=elementor-size-]>a{color:inherit;font-size:inherit;line-height:inherit}.elementor-widget-heading .elementor-heading-title.elementor-size-small{font-size:15px}.elementor-widget-heading .elementor-heading-title.elementor-size-medium{font-size:19px}.elementor-widget-heading .elementor-heading-title.elementor-size-large{font-size:29px}.elementor-widget-heading .elementor-heading-title.elementor-size-xl{font-size:39px}.elementor-widget-heading .elementor-heading-title.elementor-size-xxl{font-size:59px}<\/style><h2 class=\"elementor-heading-title elementor-size-default\">MARKETING DIGITAL<\/h2>\t\t<\/div>\n\t\t\t\t<\/div>\n\t\t\t\t<\/div>\n\t\t<div class=\"elementor-element elementor-element-517eec0 e-con-full e-flex e-con e-parent\" data-id=\"517eec0\" data-element_type=\"container\" data-settings=\"{&quot;content_width&quot;:&quot;full&quot;,&quot;background_background&quot;:&quot;classic&quot;}\" data-core-v316-plus=\"true\">\n\t\t<div class=\"elementor-element elementor-element-1a73417 e-con-full e-flex e-con e-child\" data-id=\"1a73417\" data-element_type=\"container\" data-settings=\"{&quot;content_width&quot;:&quot;full&quot;}\">\n\t\t\t\t<div class=\"elementor-element elementor-element-d294613 elementor-widget__width-initial elementor-widget elementor-widget-heading\" data-id=\"d294613\" data-element_type=\"widget\" data-widget_type=\"heading.default\">\n\t\t\t\t<div class=\"elementor-widget-container\">\n\t\t\t<h1 class=\"elementor-heading-title elementor-size-default\"> Impulsamos su marca hacia el \u00e9xito<\/h1>\t\t<\/div>\n\t\t\t\t<\/div>\n\t\t\t\t<div class=\"elementor-element elementor-element-c9780c0 elementor-widget__width-initial elementor-widget elementor-widget-text-editor\" data-id=\"c9780c0\" data-element_type=\"widget\" data-widget_type=\"text-editor.default\">\n\t\t\t\t<div class=\"elementor-widget-container\">\n\t\t\t<style>\/*! elementor - v3.17.0 - 08-11-2023 *\/\n.elementor-widget-text-editor.elementor-drop-cap-view-stacked .elementor-drop-cap{background-color:#69727d;color:#fff}.elementor-widget-text-editor.elementor-drop-cap-view-framed .elementor-drop-cap{color:#69727d;border:3px solid;background-color:transparent}.elementor-widget-text-editor:not(.elementor-drop-cap-view-default) .elementor-drop-cap{margin-top:8px}.elementor-widget-text-editor:not(.elementor-drop-cap-view-default) .elementor-drop-cap-letter{width:1em;height:1em}.elementor-widget-text-editor .elementor-drop-cap{float:left;text-align:center;line-height:1;font-size:50px}.elementor-widget-text-editor .elementor-drop-cap-letter{display:inline-block}<\/style>\t\t\t\t<div class=\"\" data-block=\"true\" data-editor=\"erlrm\" data-offset-key=\"4dho2-0-0\"><p class=\"public-DraftStyleDefault-block public-DraftStyleDefault-ltr\" data-offset-key=\"4dho2-0-0\">En Solvens Group, entendemos que el \u00e9xito de una gran empresa no solo se mide por la calidad de sus productos o servicios, sino tambi\u00e9n por la fortaleza de su presencia en el mercado. Nuestro equipo de expertos en marketing digital est\u00e1 dedicado a potenciar su marca y asegurar que alcance su m\u00e1ximo potencial. Ofrecemos una gama completa de servicios dise\u00f1ados para cubrir todas las necesidades de marketing de su empresa, desde la creaci\u00f3n de una identidad de marca s\u00f3lida hasta la ejecuci\u00f3n de campa\u00f1as publicitarias impactantes.<\/p><\/div>\t\t\t\t\t\t<\/div>\n\t\t\t\t<\/div>\n\t\t\t\t<div class=\"elementor-element elementor-element-c803bda elementor-widget elementor-widget-button\" data-id=\"c803bda\" data-element_type=\"widget\" data-widget_type=\"button.default\">\n\t\t\t\t<div class=\"elementor-widget-container\">\n\t\t\t\t\t<div class=\"elementor-button-wrapper\">\n\t\t\t<a class=\"elementor-button elementor-button-link elementor-size-sm\" href=\"https:\/\/solvensgroup.com\/index.php\/contacto\/\">\n\t\t\t\t\t\t<span class=\"elementor-button-content-wrapper\">\n\t\t\t\t\t\t<span class=\"elementor-button-text\">PEDIR INFORMACI\u00d3N<\/span>\n\t\t<\/span>\n\t\t\t\t\t<\/a>\n\t\t<\/div>\n\t\t\t\t<\/div>\n\t\t\t\t<\/div>\n\t\t\t\t<\/div>\n\t\t<div class=\"elementor-element elementor-element-8219590 e-con-full e-flex e-con e-child\" data-id=\"8219590\" data-element_type=\"container\" data-settings=\"{&quot;content_width&quot;:&quot;full&quot;,&quot;background_background&quot;:&quot;classic&quot;}\">\n\t\t\t\t<\/div>\n\t\t\t\t<\/div>\n\t\t<div class=\"elementor-element elementor-element-f374baf e-flex e-con-boxed e-con e-parent\" data-id=\"f374baf\" data-element_type=\"container\" data-settings=\"{&quot;content_width&quot;:&quot;boxed&quot;}\" data-core-v316-plus=\"true\">\n\t\t\t\t\t<div class=\"e-con-inner\">\n\t\t<div class=\"elementor-element elementor-element-33cae91 e-flex e-con-boxed e-con e-child\" data-id=\"33cae91\" data-element_type=\"container\" data-settings=\"{&quot;content_width&quot;:&quot;boxed&quot;}\">\n\t\t\t\t\t<div class=\"e-con-inner\">\n\t\t<div class=\"elementor-element elementor-element-112ea08 e-flex e-con-boxed e-con e-child\" data-id=\"112ea08\" data-element_type=\"container\" data-settings=\"{&quot;content_width&quot;:&quot;boxed&quot;}\">\n\t\t\t\t\t<div class=\"e-con-inner\">\n\t\t\t\t<div class=\"elementor-element elementor-element-b1f4352 elementor-widget__width-initial elementor-widget elementor-widget-heading\" data-id=\"b1f4352\" data-element_type=\"widget\" data-widget_type=\"heading.default\">\n\t\t\t\t<div class=\"elementor-widget-container\">\n\t\t\t<span class=\"elementor-heading-title elementor-size-default\">NUESTROS SERVICIOS<\/span>\t\t<\/div>\n\t\t\t\t<\/div>\n\t\t\t\t<div class=\"elementor-element elementor-element-82cf9c4 elementor-widget__width-initial elementor-widget elementor-widget-heading\" data-id=\"82cf9c4\" data-element_type=\"widget\" data-widget_type=\"heading.default\">\n\t\t\t\t<div class=\"elementor-widget-container\">\n\t\t\t<h2 class=\"elementor-heading-title elementor-size-default\">Llevamos su Marca al Siguiente Nivel<\/h2>\t\t<\/div>\n\t\t\t\t<\/div>\n\t\t\t\t\t<\/div>\n\t\t\t\t<\/div>\n\t\t\t\t<div class=\"elementor-element elementor-element-447340e elementor-widget__width-initial elementor-widget elementor-widget-text-editor\" data-id=\"447340e\" data-element_type=\"widget\" data-widget_type=\"text-editor.default\">\n\t\t\t\t<div class=\"elementor-widget-container\">\n\t\t\t\t\t\t\t<div class=\"\" data-block=\"true\" data-editor=\"erlrm\" data-offset-key=\"4dho2-0-0\"><p class=\"public-DraftStyleDefault-block public-DraftStyleDefault-ltr\" data-offset-key=\"4dho2-0-0\">Desde la creaci\u00f3n de una identidad de marca s\u00f3lida y gesti\u00f3n de redes sociales hasta dise\u00f1o web y campa\u00f1as publicitarias, nuestro equipo de expertos trabaja con dedicaci\u00f3n y creatividad para asegurar que su empresa destaque en el competitivo mercado actual.<\/p><\/div>\t\t\t\t\t\t<\/div>\n\t\t\t\t<\/div>\n\t\t\t\t\t<\/div>\n\t\t\t\t<\/div>\n\t\t<div class=\"elementor-element elementor-element-5653213 e-flex e-con-boxed e-con e-child\" data-id=\"5653213\" data-element_type=\"container\" data-settings=\"{&quot;content_width&quot;:&quot;boxed&quot;}\">\n\t\t\t\t\t<div class=\"e-con-inner\">\n\t\t<div class=\"elementor-element elementor-element-6d5d9d1 servicio e-flex e-con-boxed e-con e-child\" data-id=\"6d5d9d1\" data-element_type=\"container\" data-settings=\"{&quot;content_width&quot;:&quot;boxed&quot;}\">\n\t\t\t\t\t<div class=\"e-con-inner\">\n\t\t<div class=\"elementor-element elementor-element-c1a0949 e-flex e-con-boxed e-con e-child\" data-id=\"c1a0949\" data-element_type=\"container\" data-settings=\"{&quot;background_background&quot;:&quot;classic&quot;,&quot;content_width&quot;:&quot;boxed&quot;}\">\n\t\t\t\t\t<div class=\"e-con-inner\">\n\t\t\t\t<div class=\"elementor-element elementor-element-8d741b6 elementor-widget elementor-widget-heading\" data-id=\"8d741b6\" data-element_type=\"widget\" data-widget_type=\"heading.default\">\n\t\t\t\t<div class=\"elementor-widget-container\">\n\t\t\t<h3 class=\"elementor-heading-title elementor-size-default\">Branding<\/h3>\t\t<\/div>\n\t\t\t\t<\/div>\n\t\t\t\t\t<\/div>\n\t\t\t\t<\/div>\n\t\t<div class=\"elementor-element elementor-element-9fc404b e-flex e-con-boxed e-con e-child\" data-id=\"9fc404b\" data-element_type=\"container\" data-settings=\"{&quot;content_width&quot;:&quot;boxed&quot;}\">\n\t\t\t\t\t<div class=\"e-con-inner\">\n\t\t\t\t<div class=\"elementor-element elementor-element-e7a361a elementor-widget__width-initial elementor-widget elementor-widget-text-editor\" data-id=\"e7a361a\" data-element_type=\"widget\" data-widget_type=\"text-editor.default\">\n\t\t\t\t<div class=\"elementor-widget-container\">\n\t\t\t\t\t\t\t<div class=\"\" data-block=\"true\" data-editor=\"erlrm\" data-offset-key=\"4dho2-0-0\"><p class=\"public-DraftStyleDefault-block public-DraftStyleDefault-ltr\" data-offset-key=\"4dho2-0-0\">Construimos y fortalecemos la identidad de su marca, asegurando que se destaque en un mercado competitivo. Desde la creaci\u00f3n de logotipos hasta el desarrollo de la personalidad de la marca, nos ocupamos de cada detalle para que su marca sea memorable y coherente.<\/p><\/div>\t\t\t\t\t\t<\/div>\n\t\t\t\t<\/div>\n\t\t\t\t\t<\/div>\n\t\t\t\t<\/div>\n\t\t\t\t\t<\/div>\n\t\t\t\t<\/div>\n\t\t<div class=\"elementor-element elementor-element-afc0664 servicio e-flex e-con-boxed e-con e-child\" data-id=\"afc0664\" data-element_type=\"container\" data-settings=\"{&quot;content_width&quot;:&quot;boxed&quot;}\">\n\t\t\t\t\t<div class=\"e-con-inner\">\n\t\t<div class=\"elementor-element elementor-element-a0b18e9 e-flex e-con-boxed e-con e-child\" data-id=\"a0b18e9\" data-element_type=\"container\" data-settings=\"{&quot;background_background&quot;:&quot;classic&quot;,&quot;content_width&quot;:&quot;boxed&quot;}\">\n\t\t\t\t\t<div class=\"e-con-inner\">\n\t\t\t\t<div class=\"elementor-element elementor-element-b1aceb7 elementor-widget elementor-widget-heading\" data-id=\"b1aceb7\" data-element_type=\"widget\" data-widget_type=\"heading.default\">\n\t\t\t\t<div class=\"elementor-widget-container\">\n\t\t\t<h3 class=\"elementor-heading-title elementor-size-default\">Gesti\u00f3n de Redes Sociales<\/h3>\t\t<\/div>\n\t\t\t\t<\/div>\n\t\t\t\t\t<\/div>\n\t\t\t\t<\/div>\n\t\t<div class=\"elementor-element elementor-element-93e3fd0 e-flex e-con-boxed e-con e-child\" data-id=\"93e3fd0\" data-element_type=\"container\" data-settings=\"{&quot;content_width&quot;:&quot;boxed&quot;}\">\n\t\t\t\t\t<div class=\"e-con-inner\">\n\t\t\t\t<div class=\"elementor-element elementor-element-15fdb26 elementor-widget__width-initial elementor-widget elementor-widget-text-editor\" data-id=\"15fdb26\" data-element_type=\"widget\" data-widget_type=\"text-editor.default\">\n\t\t\t\t<div class=\"elementor-widget-container\">\n\t\t\t\t\t\t\t<div class=\"\" data-block=\"true\" data-editor=\"erlrm\" data-offset-key=\"4dho2-0-0\"><p class=\"public-DraftStyleDefault-block public-DraftStyleDefault-ltr\" data-offset-key=\"4dho2-0-0\">Desarrollamos y gestionamos estrategias efectivas en redes sociales para aumentar la visibilidad y el compromiso con su audiencia. Nuestra gesti\u00f3n incluye la creaci\u00f3n de contenido atractivo, interacci\u00f3n con seguidores y an\u00e1lisis de rendimiento para maximizar el impacto de su presencia en redes.<\/p><\/div>\t\t\t\t\t\t<\/div>\n\t\t\t\t<\/div>\n\t\t\t\t\t<\/div>\n\t\t\t\t<\/div>\n\t\t\t\t\t<\/div>\n\t\t\t\t<\/div>\n\t\t<div class=\"elementor-element elementor-element-76fb4f3 servicio e-flex e-con-boxed e-con e-child\" data-id=\"76fb4f3\" data-element_type=\"container\" data-settings=\"{&quot;content_width&quot;:&quot;boxed&quot;}\">\n\t\t\t\t\t<div class=\"e-con-inner\">\n\t\t<div class=\"elementor-element elementor-element-55bc4b8 e-flex e-con-boxed e-con e-child\" data-id=\"55bc4b8\" data-element_type=\"container\" data-settings=\"{&quot;background_background&quot;:&quot;classic&quot;,&quot;content_width&quot;:&quot;boxed&quot;}\">\n\t\t\t\t\t<div class=\"e-con-inner\">\n\t\t\t\t<div class=\"elementor-element elementor-element-15993a6 elementor-widget elementor-widget-heading\" data-id=\"15993a6\" data-element_type=\"widget\" data-widget_type=\"heading.default\">\n\t\t\t\t<div class=\"elementor-widget-container\">\n\t\t\t<h3 class=\"elementor-heading-title elementor-size-default\">Dise\u00f1o Web<\/h3>\t\t<\/div>\n\t\t\t\t<\/div>\n\t\t\t\t\t<\/div>\n\t\t\t\t<\/div>\n\t\t<div class=\"elementor-element elementor-element-ba248df e-flex e-con-boxed e-con e-child\" data-id=\"ba248df\" data-element_type=\"container\" data-settings=\"{&quot;content_width&quot;:&quot;boxed&quot;}\">\n\t\t\t\t\t<div class=\"e-con-inner\">\n\t\t\t\t<div class=\"elementor-element elementor-element-cc1a58c elementor-widget__width-initial elementor-widget elementor-widget-text-editor\" data-id=\"cc1a58c\" data-element_type=\"widget\" data-widget_type=\"text-editor.default\">\n\t\t\t\t<div class=\"elementor-widget-container\">\n\t\t\t\t\t\t\t<div class=\"\" data-block=\"true\" data-editor=\"erlrm\" data-offset-key=\"4dho2-0-0\"><p class=\"public-DraftStyleDefault-block public-DraftStyleDefault-ltr\" data-offset-key=\"4dho2-0-0\">Creamos sitios web intuitivos, atractivos y funcionales que reflejan la identidad de su marca y proporcionan una experiencia de usuario excepcional. Nos aseguramos de que su sitio web est\u00e9 optimizado para buscadores y sea compatible con dispositivos m\u00f3viles.<\/p><\/div>\t\t\t\t\t\t<\/div>\n\t\t\t\t<\/div>\n\t\t\t\t\t<\/div>\n\t\t\t\t<\/div>\n\t\t\t\t\t<\/div>\n\t\t\t\t<\/div>\n\t\t<div class=\"elementor-element elementor-element-8630cbf servicio e-flex e-con-boxed e-con e-child\" data-id=\"8630cbf\" data-element_type=\"container\" data-settings=\"{&quot;content_width&quot;:&quot;boxed&quot;}\">\n\t\t\t\t\t<div class=\"e-con-inner\">\n\t\t<div class=\"elementor-element elementor-element-fde7b9a e-flex e-con-boxed e-con e-child\" data-id=\"fde7b9a\" data-element_type=\"container\" data-settings=\"{&quot;background_background&quot;:&quot;classic&quot;,&quot;content_width&quot;:&quot;boxed&quot;}\">\n\t\t\t\t\t<div class=\"e-con-inner\">\n\t\t\t\t<div class=\"elementor-element elementor-element-5f53f04 elementor-widget elementor-widget-heading\" data-id=\"5f53f04\" data-element_type=\"widget\" data-widget_type=\"heading.default\">\n\t\t\t\t<div class=\"elementor-widget-container\">\n\t\t\t<h3 class=\"elementor-heading-title elementor-size-default\">Dise\u00f1o Gr\u00e1fico<\/h3>\t\t<\/div>\n\t\t\t\t<\/div>\n\t\t\t\t\t<\/div>\n\t\t\t\t<\/div>\n\t\t<div class=\"elementor-element elementor-element-8594504 e-flex e-con-boxed e-con e-child\" data-id=\"8594504\" data-element_type=\"container\" data-settings=\"{&quot;content_width&quot;:&quot;boxed&quot;}\">\n\t\t\t\t\t<div class=\"e-con-inner\">\n\t\t\t\t<div class=\"elementor-element elementor-element-57e5e11 elementor-widget__width-initial elementor-widget elementor-widget-text-editor\" data-id=\"57e5e11\" data-element_type=\"widget\" data-widget_type=\"text-editor.default\">\n\t\t\t\t<div class=\"elementor-widget-container\">\n\t\t\t\t\t\t\t<div class=\"\" data-block=\"true\" data-editor=\"erlrm\" data-offset-key=\"4dho2-0-0\"><p class=\"public-DraftStyleDefault-block public-DraftStyleDefault-ltr\" data-offset-key=\"4dho2-0-0\">Ofrecemos soluciones de dise\u00f1o gr\u00e1fico que abarcan tanto medios digitales como tradicionales. Desde banners y gr\u00e1ficos para redes sociales hasta material impreso como folletos y carteles, garantizamos que su comunicaci\u00f3n visual sea coherente y atractiva.<\/p><\/div>\t\t\t\t\t\t<\/div>\n\t\t\t\t<\/div>\n\t\t\t\t\t<\/div>\n\t\t\t\t<\/div>\n\t\t\t\t\t<\/div>\n\t\t\t\t<\/div>\n\t\t<div class=\"elementor-element elementor-element-99f607b servicio e-flex e-con-boxed e-con e-child\" data-id=\"99f607b\" data-element_type=\"container\" data-settings=\"{&quot;content_width&quot;:&quot;boxed&quot;}\">\n\t\t\t\t\t<div class=\"e-con-inner\">\n\t\t<div class=\"elementor-element elementor-element-e2fba9f e-flex e-con-boxed e-con e-child\" data-id=\"e2fba9f\" data-element_type=\"container\" data-settings=\"{&quot;background_background&quot;:&quot;classic&quot;,&quot;content_width&quot;:&quot;boxed&quot;}\">\n\t\t\t\t\t<div class=\"e-con-inner\">\n\t\t\t\t<div class=\"elementor-element elementor-element-f2a0671 elementor-widget elementor-widget-heading\" data-id=\"f2a0671\" data-element_type=\"widget\" data-widget_type=\"heading.default\">\n\t\t\t\t<div class=\"elementor-widget-container\">\n\t\t\t<h3 class=\"elementor-heading-title elementor-size-default\">Campa\u00f1as Publicitarias<\/h3>\t\t<\/div>\n\t\t\t\t<\/div>\n\t\t\t\t\t<\/div>\n\t\t\t\t<\/div>\n\t\t<div class=\"elementor-element elementor-element-1ff5061 e-flex e-con-boxed e-con e-child\" data-id=\"1ff5061\" data-element_type=\"container\" data-settings=\"{&quot;content_width&quot;:&quot;boxed&quot;}\">\n\t\t\t\t\t<div class=\"e-con-inner\">\n\t\t\t\t<div class=\"elementor-element elementor-element-712d6b3 elementor-widget__width-initial elementor-widget elementor-widget-text-editor\" data-id=\"712d6b3\" data-element_type=\"widget\" data-widget_type=\"text-editor.default\">\n\t\t\t\t<div class=\"elementor-widget-container\">\n\t\t\t\t\t\t\t<div class=\"\" data-block=\"true\" data-editor=\"erlrm\" data-offset-key=\"4dho2-0-0\"><p class=\"public-DraftStyleDefault-block public-DraftStyleDefault-ltr\" data-offset-key=\"4dho2-0-0\">Planificamos y ejecutamos campa\u00f1as publicitarias multicanal que generan resultados medibles. Utilizamos una combinaci\u00f3n de publicidad en l\u00ednea, marketing en motores de b\u00fasqueda (SEM), publicidad en redes sociales y medios tradicionales para alcanzar a su audiencia objetivo de manera efectiva.<\/p><\/div>\t\t\t\t\t\t<\/div>\n\t\t\t\t<\/div>\n\t\t\t\t\t<\/div>\n\t\t\t\t<\/div>\n\t\t\t\t\t<\/div>\n\t\t\t\t<\/div>\n\t\t<div class=\"elementor-element elementor-element-820e70a servicio e-flex e-con-boxed e-con e-child\" data-id=\"820e70a\" data-element_type=\"container\" data-settings=\"{&quot;content_width&quot;:&quot;boxed&quot;}\">\n\t\t\t\t\t<div class=\"e-con-inner\">\n\t\t<div class=\"elementor-element elementor-element-c1db1f8 e-flex e-con-boxed e-con e-child\" data-id=\"c1db1f8\" data-element_type=\"container\" data-settings=\"{&quot;background_background&quot;:&quot;classic&quot;,&quot;content_width&quot;:&quot;boxed&quot;}\">\n\t\t\t\t\t<div class=\"e-con-inner\">\n\t\t\t\t<div class=\"elementor-element elementor-element-219744c elementor-widget elementor-widget-heading\" data-id=\"219744c\" data-element_type=\"widget\" data-widget_type=\"heading.default\">\n\t\t\t\t<div class=\"elementor-widget-container\">\n\t\t\t<h3 class=\"elementor-heading-title elementor-size-default\">Fotograf\u00eda y Video<\/h3>\t\t<\/div>\n\t\t\t\t<\/div>\n\t\t\t\t\t<\/div>\n\t\t\t\t<\/div>\n\t\t<div class=\"elementor-element elementor-element-fff8623 e-flex e-con-boxed e-con e-child\" data-id=\"fff8623\" data-element_type=\"container\" data-settings=\"{&quot;content_width&quot;:&quot;boxed&quot;}\">\n\t\t\t\t\t<div class=\"e-con-inner\">\n\t\t\t\t<div class=\"elementor-element elementor-element-c2357a3 elementor-widget__width-initial elementor-widget elementor-widget-text-editor\" data-id=\"c2357a3\" data-element_type=\"widget\" data-widget_type=\"text-editor.default\">\n\t\t\t\t<div class=\"elementor-widget-container\">\n\t\t\t\t\t\t\t<div class=\"\" data-block=\"true\" data-editor=\"erlrm\" data-offset-key=\"4dho2-0-0\"><p class=\"public-DraftStyleDefault-block public-DraftStyleDefault-ltr\" data-offset-key=\"4dho2-0-0\">Ya sea para contenido promocional, cobertura de eventos corporativos o material visual para sus campa\u00f1as de marketing, nuestro equipo de profesionales se asegura de crear im\u00e1genes y videos impactantes que refuercen su mensaje y atraigan a su audiencia.<\/p><\/div>\t\t\t\t\t\t<\/div>\n\t\t\t\t<\/div>\n\t\t\t\t\t<\/div>\n\t\t\t\t<\/div>\n\t\t\t\t\t<\/div>\n\t\t\t\t<\/div>\n\t\t\t\t\t<\/div>\n\t\t\t\t<\/div>\n\t\t\t\t\t<\/div>\n\t\t\t\t<\/div>\n\t\t<div class=\"elementor-element elementor-element-f252349 e-flex e-con-boxed e-con e-parent\" data-id=\"f252349\" data-element_type=\"container\" data-settings=\"{&quot;background_background&quot;:&quot;classic&quot;,&quot;content_width&quot;:&quot;boxed&quot;}\" data-core-v316-plus=\"true\">\n\t\t\t\t\t<div class=\"e-con-inner\">\n\t\t<div class=\"elementor-element elementor-element-e7dc945 e-flex e-con-boxed e-con e-child\" data-id=\"e7dc945\" data-element_type=\"container\" data-settings=\"{&quot;sticky&quot;:&quot;top&quot;,&quot;sticky_offset&quot;:160,&quot;sticky_parent&quot;:&quot;yes&quot;,&quot;content_width&quot;:&quot;boxed&quot;,&quot;sticky_on&quot;:[&quot;desktop&quot;,&quot;tablet&quot;,&quot;mobile&quot;],&quot;sticky_effects_offset&quot;:0}\">\n\t\t\t\t\t<div class=\"e-con-inner\">\n\t\t<div class=\"elementor-element elementor-element-4e5580b e-flex e-con-boxed e-con e-child\" data-id=\"4e5580b\" data-element_type=\"container\" data-settings=\"{&quot;content_width&quot;:&quot;boxed&quot;}\">\n\t\t\t\t\t<div class=\"e-con-inner\">\n\t\t\t\t<div class=\"elementor-element elementor-element-10a76d7 elementor-widget__width-initial elementor-widget elementor-widget-heading\" data-id=\"10a76d7\" data-element_type=\"widget\" data-widget_type=\"heading.default\">\n\t\t\t\t<div class=\"elementor-widget-container\">\n\t\t\t<span class=\"elementor-heading-title elementor-size-default\">\u00bfPOR QU\u00c9 ELEGIRNOS?<\/span>\t\t<\/div>\n\t\t\t\t<\/div>\n\t\t\t\t<div class=\"elementor-element elementor-element-20ce46f elementor-widget__width-initial elementor-widget elementor-widget-heading\" data-id=\"20ce46f\" data-element_type=\"widget\" data-widget_type=\"heading.default\">\n\t\t\t\t<div class=\"elementor-widget-container\">\n\t\t\t<h2 class=\"elementor-heading-title elementor-size-default\">Su \u00e9xito es nuestra prioridad<\/h2>\t\t<\/div>\n\t\t\t\t<\/div>\n\t\t\t\t\t<\/div>\n\t\t\t\t<\/div>\n\t\t\t\t<div class=\"elementor-element elementor-element-55317ec elementor-widget elementor-widget-button\" data-id=\"55317ec\" data-element_type=\"widget\" data-widget_type=\"button.default\">\n\t\t\t\t<div class=\"elementor-widget-container\">\n\t\t\t\t\t<div class=\"elementor-button-wrapper\">\n\t\t\t<a class=\"elementor-button elementor-button-link elementor-size-sm\" href=\"https:\/\/solvensgroup.com\/index.php\/contacto\/\">\n\t\t\t\t\t\t<span class=\"elementor-button-content-wrapper\">\n\t\t\t\t\t\t<span class=\"elementor-button-text\">PEDIR INFORMACI\u00d3N<\/span>\n\t\t<\/span>\n\t\t\t\t\t<\/a>\n\t\t<\/div>\n\t\t\t\t<\/div>\n\t\t\t\t<\/div>\n\t\t\t\t\t<\/div>\n\t\t\t\t<\/div>\n\t\t\t\t<div class=\"elementor-element elementor-element-e9b0133 elementor-widget__width-initial elementor-widget elementor-widget-text-editor\" data-id=\"e9b0133\" data-element_type=\"widget\" data-widget_type=\"text-editor.default\">\n\t\t\t\t<div class=\"elementor-widget-container\">\n\t\t\t\t\t\t\t<ul><li><strong>Enfoque Estrat\u00e9gico:<\/strong> Cada acci\u00f3n que tomamos est\u00e1 basada en una estrategia cuidadosamente planificada y alineada con sus objetivos comerciales. Analizamos el mercado, la competencia y su audiencia para dise\u00f1ar estrategias que realmente funcionen.<\/li><li><strong>Creatividad e Innovaci\u00f3n:<\/strong> Nuestro equipo est\u00e1 compuesto por profesionales creativos y visionarios que est\u00e1n siempre a la vanguardia de las \u00faltimas tendencias en marketing digital. Innovamos constantemente para asegurar que su marca destaque y atraiga la atenci\u00f3n de su p\u00fablico.<\/li><li><strong>Resultados Comprobados:<\/strong> Nos enfocamos en resultados medibles. Utilizamos herramientas de an\u00e1lisis avanzadas para monitorear el rendimiento de nuestras estrategias y hacer ajustes en tiempo real, asegurando el m\u00e1ximo retorno de inversi\u00f3n.<\/li><li><strong>Atenci\u00f3n Personalizada:<\/strong> Entendemos que cada cliente es \u00fanico. Nos tomamos el tiempo para conocer su negocio y adaptar nuestras soluciones a sus necesidades espec\u00edficas, proporcionando un servicio personalizado y dedicado.<\/li><li><strong>Transparencia y Comunicaci\u00f3n:<\/strong> Mantenemos una comunicaci\u00f3n constante y transparente con nuestros clientes. Usted siempre estar\u00e1 al tanto del progreso de nuestras campa\u00f1as y de los resultados obtenidos.<\/li><\/ul>\t\t\t\t\t\t<\/div>\n\t\t\t\t<\/div>\n\t\t\t\t\t<\/div>\n\t\t\t\t<\/div>\n\t\t\t\t\t\t\t<\/div>\n\t\t","protected":false},"excerpt":{"rendered":"<p>MARKETING DIGITAL Impulsamos su marca hacia el \u00e9xito En Solvens Group, entendemos que el \u00e9xito de una gran empresa no solo se mide por la calidad de sus productos o servicios, sino tambi\u00e9n por la fortaleza de su presencia en el mercado. Nuestro equipo de expertos en marketing digital est\u00e1 dedicado a potenciar su marca&hellip; <a class=\"more-link\" href=\"https:\/\/solvensgroup.com\/index.php\/marketing-digital\/\">Seguir leyendo <span class=\"screen-reader-text\">Marketing Digital<\/span><\/a><\/p>\n","protected":false},"author":1,"featured_media":0,"parent":0,"menu_order":0,"comment_status":"closed","ping_status":"closed","template":"elementor_header_footer","meta":{"footnotes":""},"class_list":["post-838","page","type-page","status-publish","hentry","entry"],"_links":{"self":[{"href":"https:\/\/solvensgroup.com\/index.php\/wp-json\/wp\/v2\/pages\/838","targetHints":{"allow":["GET"]}}],"collection":[{"href":"https:\/\/solvensgroup.com\/index.php\/wp-json\/wp\/v2\/pages"}],"about":[{"href":"https:\/\/solvensgroup.com\/index.php\/wp-json\/wp\/v2\/types\/page"}],"author":[{"embeddable":true,"href":"https:\/\/solvensgroup.com\/index.php\/wp-json\/wp\/v2\/users\/1"}],"replies":[{"embeddable":true,"href":"https:\/\/solvensgroup.com\/index.php\/wp-json\/wp\/v2\/comments?post=838"}],"version-history":[{"count":25,"href":"https:\/\/solvensgroup.com\/index.php\/wp-json\/wp\/v2\/pages\/838\/revisions"}],"predecessor-version":[{"id":879,"href":"https:\/\/solvensgroup.com\/index.php\/wp-json\/wp\/v2\/pages\/838\/revisions\/879"}],"wp:attachment":[{"href":"https:\/\/solvensgroup.com\/index.php\/wp-json\/wp\/v2\/media?parent=838"}],"curies":[{"name":"wp","href":"https:\/\/api.w.org\/{rel}","templated":true}]}}